{"id":1778,"date":"2023-02-26T11:23:34","date_gmt":"2023-02-26T11:23:34","guid":{"rendered":"https:\/\/neden.ba\/?post_type=product&#038;p=1778"},"modified":"2023-05-18T19:15:00","modified_gmt":"2023-05-18T19:15:00","slug":"krevetic-za-bebu-protiv-refluksa-bolova-i-gasova","status":"publish","type":"product","link":"https:\/\/neden.ba\/?product=krevetic-za-bebu-protiv-refluksa-bolova-i-gasova","title":{"rendered":"Krevetic za bebu protiv refluksa, grceva i gasova"},"content":{"rendered":"","protected":false},"excerpt":{"rendered":"<p>\u2022 Savr\u0161eno za spavanje kod ku\u0107e ili van ku\u0107e.<\/p>\n<p>\u2022 Visok nivo glave protiv refluksa.<\/p>\n<p>\u2022 Jastuci za bo\u010dno spavanje.<\/p>\n<p>\u2022 Jastuk protiv gu\u0161enja za bebe koje spavaju licem nadole.<\/p>\n<p>\u2022 Pregrada protiv klizanja koja se mo\u017ee ukloniti za novoro\u0111en\u010dad.<\/p>\n<p>\u2022 Veli\u010dina 45 x 60 cm<\/p>\n<p>UPOZORENJE: Ovaj proizvod je pogodan samo za bebe koje ne mogu da sjede bez pomo\u0107i, prevr\u0107u se i ne mogu se podi\u0107i na rukama i kolenima. Nemojte nastaviti da koristite funkciju jastuka za bo\u010dno spavanje kada se beba mo\u017ee samo prevrnuti.<\/p>\n","protected":false},"featured_media":5172,"template":"","meta":[],"product_cat":[164,218,162,216,217],"product_tag":[],"class_list":{"0":"post-1778","1":"product","2":"type-product","3":"status-publish","4":"has-post-thumbnail","6":"product_cat-krevetici-za-bebe","7":"product_cat-oprema","8":"product_cat-oprema-za-bebe","9":"product_cat-ostalo","10":"product_cat-textil","12":"first","13":"instock","14":"shipping-taxable","15":"purchasable","16":"product-type-simple"},"jetpack-related-posts":[],"jetpack_sharing_enabled":true,"_links":{"self":[{"href":"https:\/\/neden.ba\/index.php?rest_route=\/wp\/v2\/product\/1778","targetHints":{"allow":["GET"]}}],"collection":[{"href":"https:\/\/neden.ba\/index.php?rest_route=\/wp\/v2\/product"}],"about":[{"href":"https:\/\/neden.ba\/index.php?rest_route=\/wp\/v2\/types\/product"}],"wp:featuredmedia":[{"embeddable":true,"href":"https:\/\/neden.ba\/index.php?rest_route=\/wp\/v2\/media\/5172"}],"wp:attachment":[{"href":"https:\/\/neden.ba\/index.php?rest_route=%2Fwp%2Fv2%2Fmedia&parent=1778"}],"wp:term":[{"taxonomy":"product_cat","embeddable":true,"href":"https:\/\/neden.ba\/index.php?rest_route=%2Fwp%2Fv2%2Fproduct_cat&post=1778"},{"taxonomy":"product_tag","embeddable":true,"href":"https:\/\/neden.ba\/index.php?rest_route=%2Fwp%2Fv2%2Fproduct_tag&post=1778"}],"curies":[{"name":"wp","href":"https:\/\/api.w.org\/{rel}","templated":true}]}}