{"id":1741,"date":"2023-02-25T22:53:29","date_gmt":"2023-02-25T22:53:29","guid":{"rendered":"https:\/\/neden.ba\/?post_type=product&#038;p=1741"},"modified":"2023-05-18T19:17:13","modified_gmt":"2023-05-18T19:17:13","slug":"bow-navlaka-za-autosjediste-bebe","status":"publish","type":"product","link":"https:\/\/neden.ba\/?product=bow-navlaka-za-autosjediste-bebe","title":{"rendered":"Navlaka za autosjediste bebe"},"content":{"rendered":"","protected":false},"excerpt":{"rendered":"<p>\u2022 \u010cuva bebu za\u0161ti\u0107enom od sun\u010deve svjetlosti i vjetra.<\/p>\n<p>\u2022 Odgovara svim modelima auto sedi\u0161ta za bebe.<\/p>\n<p>\u2022 Struktura koja se otvara naprijed omogu\u0107ava vam da vidite svoju bebu.<\/p>\n<p>\u2022 Mekane tkanine veoma nje\u017ene soft teksture prilikom igranja i ma\u017eenja doprinose osje\u0107aju sigurnosti i nje\u017enosti.<\/p>\n<p>\u2022 Antibakterijeski i antialergijski materijal izrade.<\/p>\n<p>\u2022 Garantovano BPA free.<\/p>\n<p>\u2022 Prakti\u010dan i veoma funkcionalan dizajn.<\/p>\n<p>\u2022 Ne sadr\u017ei kancerogene i alergijske boje i materije.<\/p>\n<p>\u2022 Ne iritira ko\u017eu Va\u0161e bebe.<\/p>\n<p>\u2022 Ru\u010dno pranje.<\/p>\n<p>\u2022 Ma\u0161insko pranje.<\/p>\n<p>\u2022 Testirano u certificiranim neovisnim me\u0111unarodnim revizijskim centrima.<\/p>\n<p>\u2022 100% organski muslin pamuk (GOTS sertifikat).<\/p>\n<p>\u2022 Veoma jednostavno odr\u017eavanje.<\/p>\n<p>\u2022 Veoma mekan materijal, ugodan na dodir. Ne ostavljajte dijete ispod ovog proizvoda po sun\u010danom vremenu ili u blizini izvora prekomjerne topline (rizik od pregrijavanja djeteta). Nikada ne ostavljajte dete bez nadzora u autosedi\u0161tu za bebe. Prilikom upotrebe pazite da proizvod ne do\u0111e u kontakt sa djetetovim licem.<\/p>\n","protected":false},"featured_media":5200,"template":"","meta":[],"product_cat":[167,218,162,216,217],"product_tag":[],"class_list":{"0":"post-1741","1":"product","2":"type-product","3":"status-publish","4":"has-post-thumbnail","6":"product_cat-autosjedalice","7":"product_cat-oprema","8":"product_cat-oprema-za-bebe","9":"product_cat-ostalo","10":"product_cat-textil","12":"first","13":"instock","14":"shipping-taxable","15":"purchasable","16":"product-type-simple"},"jetpack-related-posts":[],"jetpack_sharing_enabled":true,"_links":{"self":[{"href":"https:\/\/neden.ba\/index.php?rest_route=\/wp\/v2\/product\/1741","targetHints":{"allow":["GET"]}}],"collection":[{"href":"https:\/\/neden.ba\/index.php?rest_route=\/wp\/v2\/product"}],"about":[{"href":"https:\/\/neden.ba\/index.php?rest_route=\/wp\/v2\/types\/product"}],"wp:featuredmedia":[{"embeddable":true,"href":"https:\/\/neden.ba\/index.php?rest_route=\/wp\/v2\/media\/5200"}],"wp:attachment":[{"href":"https:\/\/neden.ba\/index.php?rest_route=%2Fwp%2Fv2%2Fmedia&parent=1741"}],"wp:term":[{"taxonomy":"product_cat","embeddable":true,"href":"https:\/\/neden.ba\/index.php?rest_route=%2Fwp%2Fv2%2Fproduct_cat&post=1741"},{"taxonomy":"product_tag","embeddable":true,"href":"https:\/\/neden.ba\/index.php?rest_route=%2Fwp%2Fv2%2Fproduct_tag&post=1741"}],"curies":[{"name":"wp","href":"https:\/\/api.w.org\/{rel}","templated":true}]}}