{"id":1517,"date":"2023-02-23T20:00:28","date_gmt":"2023-02-23T20:00:28","guid":{"rendered":"https:\/\/neden.ba\/?post_type=product&#038;p=1517"},"modified":"2023-08-31T07:51:47","modified_gmt":"2023-08-31T07:51:47","slug":"prozirni-set-za-kupanje-s-uzorkom","status":"publish","type":"product","link":"https:\/\/neden.ba\/?product=prozirni-set-za-kupanje-s-uzorkom","title":{"rendered":"Sklopivi set za kupanje bebe"},"content":{"rendered":"","protected":false},"excerpt":{"rendered":"<p>\u2022 Proizvod je izradjen po standardima za Evropsko trziste i posjeduje CE certifikat.<br \/>\n\u2022 Garantovano BPA free.<br \/>\nSafety first dizajn bez o\u0161trih ivica garantuje sigurno kori\u0161tenje.<br \/>\nS ovomkadicom za bebe s odvodom kupanje va\u0161ih beba je ugodnije i lak\u0161e. Oja\u010dana je protiv loma. Ne sadr\u017ei azo boje, toksi\u010dne elemente, kancerogene tvari.<\/p>\n","protected":false},"featured_media":5429,"template":"","meta":[],"product_cat":[154,155],"product_tag":[],"class_list":{"0":"post-1517","1":"product","2":"type-product","3":"status-publish","4":"has-post-thumbnail","6":"product_cat-higijena-i-hranjenje","7":"product_cat-pribor-za-higijenu","9":"first","10":"instock","11":"sale","12":"shipping-taxable","13":"purchasable","14":"product-type-simple"},"jetpack-related-posts":[],"jetpack_sharing_enabled":true,"_links":{"self":[{"href":"https:\/\/neden.ba\/index.php?rest_route=\/wp\/v2\/product\/1517","targetHints":{"allow":["GET"]}}],"collection":[{"href":"https:\/\/neden.ba\/index.php?rest_route=\/wp\/v2\/product"}],"about":[{"href":"https:\/\/neden.ba\/index.php?rest_route=\/wp\/v2\/types\/product"}],"wp:featuredmedia":[{"embeddable":true,"href":"https:\/\/neden.ba\/index.php?rest_route=\/wp\/v2\/media\/5429"}],"wp:attachment":[{"href":"https:\/\/neden.ba\/index.php?rest_route=%2Fwp%2Fv2%2Fmedia&parent=1517"}],"wp:term":[{"taxonomy":"product_cat","embeddable":true,"href":"https:\/\/neden.ba\/index.php?rest_route=%2Fwp%2Fv2%2Fproduct_cat&post=1517"},{"taxonomy":"product_tag","embeddable":true,"href":"https:\/\/neden.ba\/index.php?rest_route=%2Fwp%2Fv2%2Fproduct_tag&post=1517"}],"curies":[{"name":"wp","href":"https:\/\/api.w.org\/{rel}","templated":true}]}}